{"id":992,"date":"2025-05-27T20:04:09","date_gmt":"2025-05-27T20:04:09","guid":{"rendered":"https:\/\/bluemec.de\/?page_id=992"},"modified":"2025-05-28T05:10:51","modified_gmt":"2025-05-28T05:10:51","slug":"33-gruende-fuer-bluemec","status":"publish","type":"page","link":"https:\/\/bluemec.de\/en\/leistungen\/33-gruende-fuer-bluemec\/","title":{"rendered":"33 Reasons for blueMEC"},"content":{"rendered":"<div class=\"gb-container gb-container-1f9b7f17\"><div class=\"gb-inside-container\">\n\n<figure class=\"gb-block-image gb-block-image-c9f976a6\"><img decoding=\"async\" class=\"gb-image gb-image-c9f976a6\" src=\"https:\/\/bluemec.de\/wp-content\/uploads\/2024\/03\/blueMEC_2022.svg\" alt=\"\" title=\"blueMEC_2022\"\/><\/figure>\n\n<\/div><div class=\"gb-shapes\"><div class=\"gb-shape gb-shape-1\"><svg xmlns=\"http:\/\/www.w3.org\/2000\/svg\" viewbox=\"0 0 1200 194.3\" preserveaspectratio=\"none\"><path d=\"M1200 133.3l-50 8.9c-50 8.6-150 26.9-250 31.1-100 4.2-200-4.2-300-26.7S400 89.2 300 62.2C200 35.8 100 17.5 50 8.9L0 0v194.3h1200v-61z\"\/><\/svg><\/div><\/div><\/div>\n\n<div class=\"gb-container gb-container-fc1fcae4\">\n<div class=\"gb-container gb-container-7ff8ffe7\">\n\n<h1 class=\"gb-headline gb-headline-09541444 gb-headline-text\">33 Reasons for blueMEC<\/h1>\n\n<\/div>\n\n<div class=\"gb-container gb-container-a5d82dbf\">\n<div class=\"gb-grid-wrapper gb-grid-wrapper-11e32256\">\n<div class=\"gb-grid-column gb-grid-column-d7927293\"><div class=\"gb-container gb-container-d7927293\">\n\n<h2 class=\"gb-headline gb-headline-9ad91485 gb-headline-text\">1.<\/h2>\n\n\n\n<h2 class=\"gb-headline gb-headline-d812ebf3 gb-headline-text\">Highly qualified team of engineers, technicians and experts<\/h2>\n\n<\/div><\/div>\n\n<div class=\"gb-grid-column gb-grid-column-c7e63653\"><div class=\"gb-container gb-container-c7e63653\">\n\n<h2 class=\"gb-headline gb-headline-63201397 gb-headline-text\">2.<\/h2>\n\n\n\n<h2 class=\"gb-headline gb-headline-e64f7e0a gb-headline-text\">25 years of industry experience and expertise in complex system solutions<\/h2>\n\n<\/div><\/div>\n\n<div class=\"gb-grid-column gb-grid-column-a74479bd\"><div class=\"gb-container gb-container-a74479bd\">\n\n<h2 class=\"gb-headline gb-headline-1a2713a3 gb-headline-text\">3.<\/h2>\n\n\n\n<h2 class=\"gb-headline gb-headline-802b2079 gb-headline-text\">In-depth technical know-how in mechanical engineering, electrical engineering, and nautical science with a hands-on mentality<\/h2>\n\n<\/div><\/div>\n\n<div class=\"gb-grid-column gb-grid-column-caab49d2\"><div class=\"gb-container gb-container-caab49d2\">\n\n<h2 class=\"gb-headline gb-headline-f21abee0 gb-headline-text\">4.<\/h2>\n\n\n\n<h2 class=\"gb-headline gb-headline-f1e0217f gb-headline-text\">Practice-oriented trainers with technical depth and clarity<\/h2>\n\n<\/div><\/div>\n\n<div class=\"gb-grid-column gb-grid-column-3b2ac68d\"><div class=\"gb-container gb-container-3b2ac68d\">\n\n<h2 class=\"gb-headline gb-headline-df45e80b gb-headline-text\">5.<\/h2>\n\n\n\n<h2 class=\"gb-headline gb-headline-102a4b2b gb-headline-text\">Interdisciplinary thinking<\/h2>\n\n<\/div><\/div>\n\n<div class=\"gb-grid-column gb-grid-column-24a4a4f7\"><div class=\"gb-container gb-container-24a4a4f7\">\n\n<h2 class=\"gb-headline gb-headline-c1b9a2a6 gb-headline-text\">6.<\/h2>\n\n\n\n<h2 class=\"gb-headline gb-headline-e2728025 gb-headline-text\">Cross-industry expertise<\/h2>\n\n<\/div><\/div>\n\n<div class=\"gb-grid-column gb-grid-column-c7b7f2b1\"><div class=\"gb-container gb-container-c7b7f2b1\">\n\n<h2 class=\"gb-headline gb-headline-5fa0583a gb-headline-text\">7.<\/h2>\n\n\n\n<h2 class=\"gb-headline gb-headline-10d60af3 gb-headline-text\">Clear, honest, and transparent communication<\/h2>\n\n<\/div><\/div>\n\n<div class=\"gb-grid-column gb-grid-column-a5f665d0\"><div class=\"gb-container gb-container-a5f665d0\">\n\n<h2 class=\"gb-headline gb-headline-8c0b0d1b gb-headline-text\">8.<\/h2>\n\n\n\n<h2 class=\"gb-headline gb-headline-15adf743 gb-headline-text\">Long-term customer relationships on equal footing<\/h2>\n\n<\/div><\/div>\n\n<div class=\"gb-grid-column gb-grid-column-57802c74\"><div class=\"gb-container gb-container-57802c74\">\n\n<h2 class=\"gb-headline gb-headline-6e666635 gb-headline-text\">9.<\/h2>\n\n\n\n<h2 class=\"gb-headline gb-headline-94ca7077 gb-headline-text\">Direct and personal contacts with decision-making authority<\/h2>\n\n<\/div><\/div>\n\n<div class=\"gb-grid-column gb-grid-column-e577de3b\"><div class=\"gb-container gb-container-e577de3b\">\n\n<h2 class=\"gb-headline gb-headline-ede54bed gb-headline-text\">10.<\/h2>\n\n\n\n<h2 class=\"gb-headline gb-headline-90a1dc8a gb-headline-text\">Tailor-made solutions customized to your needs<\/h2>\n\n<\/div><\/div>\n\n<div class=\"gb-grid-column gb-grid-column-f3d5fe61\"><div class=\"gb-container gb-container-f3d5fe61\">\n\n<h2 class=\"gb-headline gb-headline-8c0f1e4f gb-headline-text\">11.<\/h2>\n\n\n\n<h2 class=\"gb-headline gb-headline-faec3128 gb-headline-text\">Close coordination throughout all project phases<\/h2>\n\n<\/div><\/div>\n\n<div class=\"gb-grid-column gb-grid-column-1da27813\"><div class=\"gb-container gb-container-1da27813\">\n\n<h2 class=\"gb-headline gb-headline-6f34ab06 gb-headline-text\">12.<\/h2>\n\n\n\n<h2 class=\"gb-headline gb-headline-c3c38ca8 gb-headline-text\">High flexibility in meeting short-term demands<\/h2>\n\n<\/div><\/div>\n\n<div class=\"gb-grid-column gb-grid-column-e3279bef\"><div class=\"gb-container gb-container-e3279bef\">\n\n<h2 class=\"gb-headline gb-headline-b9ec792e gb-headline-text\">13.<\/h2>\n\n\n\n<h2 class=\"gb-headline gb-headline-b02f8a3a gb-headline-text\">Quick response to change requests<\/h2>\n\n<\/div><\/div>\n\n<div class=\"gb-grid-column gb-grid-column-e6e52301\"><div class=\"gb-container gb-container-e6e52301\">\n\n<h2 class=\"gb-headline gb-headline-f9aca2db gb-headline-text\">14.<\/h2>\n\n\n\n<h2 class=\"gb-headline gb-headline-172444e8 gb-headline-text\">Willingness to go the \u201cextra nautical mile\u201d<\/h2>\n\n<\/div><\/div>\n\n<div class=\"gb-grid-column gb-grid-column-1324c958\"><div class=\"gb-container gb-container-1324c958\">\n\n<h2 class=\"gb-headline gb-headline-4473435f gb-headline-text\">15.<\/h2>\n\n\n\n<h2 class=\"gb-headline gb-headline-f8bd8048 gb-headline-text\">Transparent offers with no hidden costs<\/h2>\n\n<\/div><\/div>\n\n<div class=\"gb-grid-column gb-grid-column-1e90c184\"><div class=\"gb-container gb-container-1e90c184\">\n\n<h2 class=\"gb-headline gb-headline-923d4980 gb-headline-text\">16.<\/h2>\n\n\n\n<h2 class=\"gb-headline gb-headline-831aebfb gb-headline-text\">Cost-conscious planning and implementation<\/h2>\n\n<\/div><\/div>\n\n<div class=\"gb-grid-column gb-grid-column-db3beca5\"><div class=\"gb-container gb-container-db3beca5\">\n\n<h2 class=\"gb-headline gb-headline-87dd6fdb gb-headline-text\">17.<\/h2>\n\n\n\n<h2 class=\"gb-headline gb-headline-3aff054f gb-headline-text\">On-time delivery through realistic scheduling<\/h2>\n\n<\/div><\/div>\n\n<div class=\"gb-grid-column gb-grid-column-4aa157af\"><div class=\"gb-container gb-container-4aa157af\">\n\n<h2 class=\"gb-headline gb-headline-862ef1a4 gb-headline-text\">18.<\/h2>\n\n\n\n<h2 class=\"gb-headline gb-headline-219cb6e5 gb-headline-text\">Use of state-of-the-art technologies and tools<\/h2>\n\n<\/div><\/div>\n\n<div class=\"gb-grid-column gb-grid-column-2dbff20d\"><div class=\"gb-container gb-container-2dbff20d\">\n\n<h2 class=\"gb-headline gb-headline-5b3459dd gb-headline-text\">19.<\/h2>\n\n\n\n<h2 class=\"gb-headline gb-headline-3da4def4 gb-headline-text\">Knowledge transfer from successful customer projects<\/h2>\n\n<\/div><\/div>\n\n<div class=\"gb-grid-column gb-grid-column-a7bcad12\"><div class=\"gb-container gb-container-a7bcad12\">\n\n<h2 class=\"gb-headline gb-headline-ea640fc4 gb-headline-text\">20.<\/h2>\n\n\n\n<h2 class=\"gb-headline gb-headline-971537e3 gb-headline-text\">High level of innovation through in-house R&amp;D initiatives and innovation projects<\/h2>\n\n<\/div><\/div>\n\n<div class=\"gb-grid-column gb-grid-column-2e6bbe36\"><div class=\"gb-container gb-container-2e6bbe36\">\n\n<h2 class=\"gb-headline gb-headline-ffd09a47 gb-headline-text\">21.<\/h2>\n\n\n\n<h2 class=\"gb-headline gb-headline-a80d3bb3 gb-headline-text\">Focus on sustainable and future-proof solutions<\/h2>\n\n<\/div><\/div>\n\n<div class=\"gb-grid-column gb-grid-column-23a968ab\"><div class=\"gb-container gb-container-23a968ab\">\n\n<h2 class=\"gb-headline gb-headline-cacd631b gb-headline-text\">22.<\/h2>\n\n\n\n<h2 class=\"gb-headline gb-headline-d87513f9 gb-headline-text\">Early recognition of technological trends<\/h2>\n\n<\/div><\/div>\n\n<div class=\"gb-grid-column gb-grid-column-d90c8de5\"><div class=\"gb-container gb-container-d90c8de5\">\n\n<h2 class=\"gb-headline gb-headline-979e367c gb-headline-text\">23.<\/h2>\n\n\n\n<h2 class=\"gb-headline gb-headline-68ec0ab5 gb-headline-text\">Partnerships with universities and research institutions<\/h2>\n\n<\/div><\/div>\n\n<div class=\"gb-grid-column gb-grid-column-976fbe39\"><div class=\"gb-container gb-container-976fbe39\">\n\n<h2 class=\"gb-headline gb-headline-4102b3ea gb-headline-text\">24.<\/h2>\n\n\n\n<h2 class=\"gb-headline gb-headline-68560a73 gb-headline-text\">Support with funding and approval procedures<\/h2>\n\n<\/div><\/div>\n\n<div class=\"gb-grid-column gb-grid-column-f4007f77\"><div class=\"gb-container gb-container-f4007f77\">\n\n<h2 class=\"gb-headline gb-headline-a1dc231d gb-headline-text\">25.<\/h2>\n\n\n\n<h2 class=\"gb-headline gb-headline-fe1fd4b0 gb-headline-text\">Structured project planning and execution, including agile development methods<\/h2>\n\n<\/div><\/div>\n\n<div class=\"gb-grid-column gb-grid-column-de76d773\"><div class=\"gb-container gb-container-de76d773\">\n\n<h2 class=\"gb-headline gb-headline-9d1958a0 gb-headline-text\">26.<\/h2>\n\n\n\n<h2 class=\"gb-headline gb-headline-c889acaf gb-headline-text\">Efficient project management with clear responsibilities<\/h2>\n\n<\/div><\/div>\n\n<div class=\"gb-grid-column gb-grid-column-448c5578\"><div class=\"gb-container gb-container-448c5578\">\n\n<h2 class=\"gb-headline gb-headline-e78a7f14 gb-headline-text\">27.<\/h2>\n\n\n\n<h2 class=\"gb-headline gb-headline-063987e9 gb-headline-text\">Highest quality standards in all processes<\/h2>\n\n<\/div><\/div>\n\n<div class=\"gb-grid-column gb-grid-column-809f5f62\"><div class=\"gb-container gb-container-809f5f62\">\n\n<h2 class=\"gb-headline gb-headline-44e4029c gb-headline-text\">28.<\/h2>\n\n\n\n<h2 class=\"gb-headline gb-headline-0ab511fe gb-headline-text\">Precision and care in execution<\/h2>\n\n<\/div><\/div>\n\n<div class=\"gb-grid-column gb-grid-column-88c33f8d\"><div class=\"gb-container gb-container-88c33f8d\">\n\n<h2 class=\"gb-headline gb-headline-691b8d41 gb-headline-text\">29.<\/h2>\n\n\n\n<h2 class=\"gb-headline gb-headline-93a44114 gb-headline-text\">Reliability as a core company value<\/h2>\n\n<\/div><\/div>\n\n<div class=\"gb-grid-column gb-grid-column-1af5a6ff\"><div class=\"gb-container gb-container-1af5a6ff\">\n\n<h2 class=\"gb-headline gb-headline-650fac15 gb-headline-text\">30.<\/h2>\n\n\n\n<h2 class=\"gb-headline gb-headline-c69c0935 gb-headline-text\">Training and coaching directly on the product or project, with customizable content and accompanying consulting and support<\/h2>\n\n<\/div><\/div>\n\n<div class=\"gb-grid-column gb-grid-column-dbfff367\"><div class=\"gb-container gb-container-dbfff367\">\n\n<h2 class=\"gb-headline gb-headline-c2345bd5 gb-headline-text\">31.<\/h2>\n\n\n\n<h2 class=\"gb-headline gb-headline-04874350 gb-headline-text\">Recognized expert services \u2013 independent assessment of technical systems<\/h2>\n\n<\/div><\/div>\n\n<div class=\"gb-grid-column gb-grid-column-e6998e43\"><div class=\"gb-container gb-container-e6998e43\">\n\n<h2 class=\"gb-headline gb-headline-f8824423 gb-headline-text\">32.<\/h2>\n\n\n\n<h2 class=\"gb-headline gb-headline-9f30d8d8 gb-headline-text\">Preparation of well-founded expert reports and evaluations for authorities, insurers, or courts<\/h2>\n\n<\/div><\/div>\n\n<div class=\"gb-grid-column gb-grid-column-bc47a53c\"><div class=\"gb-container gb-container-bc47a53c\">\n\n<h2 class=\"gb-headline gb-headline-87bcccfd gb-headline-text\">33.<\/h2>\n\n\n\n<h2 class=\"gb-headline gb-headline-eacf1744 gb-headline-text\">Customer feedback actively drives continuous improvement<\/h2>\n\n<\/div><\/div>\n<\/div>\n<\/div>\n<\/div>\n\n<div class=\"gb-container gb-container-91ed67c9\">\n<div class=\"gb-container gb-container-f4a87295\">\n<div class=\"gb-container gb-container-1d436b5e\">\n\n<h2 class=\"gb-headline gb-headline-a2197e4e gb-headline-text\">Talk to us - together we can do it!<\/h2>\n\n\n\n<div class=\"forminator-ui forminator-custom-form forminator-custom-form-660 forminator-design--flat  forminator_ajax\" data-forminator-render=\"0\" data-form=\"forminator-module-660\" data-uid=\"69e742001bceb\"><br\/><\/div><form\n\t\t\t\tid=\"forminator-module-660\"\n\t\t\t\tclass=\"forminator-ui forminator-custom-form forminator-custom-form-660 forminator-design--flat  forminator_ajax\"\n\t\t\t\tmethod=\"post\"\n\t\t\t\tdata-forminator-render=\"0\"\n\t\t\t\tdata-form-id=\"660\"\n\t\t\t\t data-color-option=\"default\" data-design=\"flat\" data-grid=\"open\" style=\"display: none;\"\n\t\t\t\tdata-uid=\"69e742001bceb\" action=\"\"\n\t\t\t><div role=\"alert\" aria-live=\"polite\" class=\"forminator-response-message forminator-error\" aria-hidden=\"true\"><\/div><div class=\"forminator-row\"><div id=\"name-1\" class=\"forminator-field-name forminator-col forminator-col-6\"><div class=\"forminator-field\"><label for=\"forminator-field-name-1_69e742001bceb\" id=\"forminator-field-name-1_69e742001bceb-label\" class=\"forminator-label\">First name <span class=\"forminator-required\">*<\/span><\/label><input type=\"text\" name=\"name-1\" value=\"\" placeholder=\"z. B. Max\" id=\"forminator-field-name-1_69e742001bceb\" class=\"forminator-input forminator-name--field\" aria-required=\"true\" autocomplete=\"name\" \/><\/div><\/div><div id=\"name-2\" class=\"forminator-field-name forminator-col forminator-col-6\"><div class=\"forminator-field\"><label for=\"forminator-field-name-2_69e742001bceb\" id=\"forminator-field-name-2_69e742001bceb-label\" class=\"forminator-label\">Last name <span class=\"forminator-required\">*<\/span><\/label><input type=\"text\" name=\"name-2\" value=\"\" placeholder=\"Last name\" id=\"forminator-field-name-2_69e742001bceb\" class=\"forminator-input forminator-name--field\" aria-required=\"true\" autocomplete=\"name\" \/><\/div><\/div><\/div><div class=\"forminator-row\"><div id=\"email-1\" class=\"forminator-field-email forminator-col forminator-col-6\"><div class=\"forminator-field\"><label for=\"forminator-field-email-1_69e742001bceb\" id=\"forminator-field-email-1_69e742001bceb-label\" class=\"forminator-label\">Email Address <span class=\"forminator-required\">*<\/span><\/label><input type=\"email\" name=\"email-1\" value=\"\" placeholder=\"This field is required. Please enter a valid e-mail.\" id=\"forminator-field-email-1_69e742001bceb\" class=\"forminator-input forminator-email--field\" data-required=\"true\" aria-required=\"true\" autocomplete=\"email\" \/><\/div><\/div><div id=\"phone-1\" class=\"forminator-field-phone forminator-col forminator-col-6\"><div class=\"forminator-field\"><label for=\"forminator-field-phone-1_69e742001bceb\" id=\"forminator-field-phone-1_69e742001bceb-label\" class=\"forminator-label\">Phone<\/label><input type=\"text\" name=\"phone-1\" value=\"\" placeholder=\"z. B. +49 3004005000\" id=\"forminator-field-phone-1_69e742001bceb\" class=\"forminator-input forminator-field--phone\" data-required=\"\" aria-required=\"false\" autocomplete=\"off\" \/><\/div><\/div><\/div><div class=\"forminator-row\"><div id=\"textarea-1\" class=\"forminator-field-textarea forminator-col forminator-col-12\"><div class=\"forminator-field\"><label for=\"forminator-field-textarea-1_69e742001bceb\" id=\"forminator-field-textarea-1_69e742001bceb-label\" class=\"forminator-label\">Message<\/label><textarea name=\"textarea-1\" placeholder=\"Please write your message\" id=\"forminator-field-textarea-1_69e742001bceb\" class=\"forminator-textarea\" rows=\"6\" style=\"min-height:140px;\" maxlength=\"180\" ><\/textarea><span id=\"forminator-field-textarea-1_69e742001bceb-description\" class=\"forminator-description\"><span data-limit=\"180\" data-type=\"characters\" data-editor=\"\">0 \/ 180<\/span><\/span><\/div><\/div><\/div><input type=\"hidden\" name=\"referer_url\" value=\"\" \/><div class=\"forminator-row forminator-row-last\"><div class=\"forminator-col\"><div class=\"forminator-field\"><button class=\"forminator-button forminator-button-submit\">Send message<\/button><\/div><\/div><\/div><input type=\"hidden\" id=\"forminator_nonce\" name=\"forminator_nonce\" value=\"7081e65566\" \/><input type=\"hidden\" name=\"_wp_http_referer\" value=\"\/en\/wp-json\/wp\/v2\/pages\/992\" \/><input type=\"hidden\" name=\"form_id\" value=\"660\"><input type=\"hidden\" name=\"page_id\" value=\"992\"><input type=\"hidden\" name=\"form_type\" value=\"default\"><input type=\"hidden\" name=\"current_url\" value=\"https:\/\/bluemec.de\/en\/leistungen\/33-gruende-fuer-bluemec\/\"><input type=\"hidden\" name=\"render_id\" value=\"0\"><input type=\"hidden\" name=\"action\" value=\"forminator_submit_form_custom-forms\"><input type=\"hidden\" name=\"trp-form-language\" value=\"en\"\/><\/form>\n\n<\/div>\n<\/div>\n<div class=\"gb-shapes\"><div class=\"gb-shape gb-shape-1\"><svg xmlns=\"http:\/\/www.w3.org\/2000\/svg\" viewbox=\"0 0 1200 194.3\" preserveaspectratio=\"none\"><path d=\"M1200 133.3l-50 8.9c-50 8.6-150 26.9-250 31.1-100 4.2-200-4.2-300-26.7S400 89.2 300 62.2C200 35.8 100 17.5 50 8.9L0 0v194.3h1200v-61z\"\/><\/svg><\/div><div class=\"gb-shape gb-shape-2\"><svg xmlns=\"http:\/\/www.w3.org\/2000\/svg\" viewbox=\"0 0 1200 194.3\" preserveaspectratio=\"none\"><path d=\"M1200 133.3l-50 8.9c-50 8.6-150 26.9-250 31.1-100 4.2-200-4.2-300-26.7S400 89.2 300 62.2C200 35.8 100 17.5 50 8.9L0 0v194.3h1200v-61z\"\/><\/svg><\/div><\/div><\/div>","protected":false},"excerpt":{"rendered":"<p>33 Gr\u00fcnde f\u00fcr blueMEC Sprechen Sie uns an &#8211; gemeinsam schaffen wir das!<\/p>","protected":false},"author":1,"featured_media":904,"parent":799,"menu_order":0,"comment_status":"closed","ping_status":"closed","template":"","meta":{"inline_featured_image":false,"footnotes":""},"class_list":["post-992","page","type-page","status-publish","has-post-thumbnail"],"yoast_head":"<!-- This site is optimized with the Yoast SEO plugin v27.2 - https:\/\/yoast.com\/product\/yoast-seo-wordpress\/ -->\n<title>33 Gr\u00fcnde f\u00fcr blueMEC - blueMEC<\/title>\n<meta name=\"robots\" content=\"index, follow, max-snippet:-1, max-image-preview:large, max-video-preview:-1\" \/>\n<link rel=\"canonical\" href=\"https:\/\/bluemec.de\/en\/leistungen\/33-gruende-fuer-bluemec\/\" \/>\n<meta property=\"og:locale\" content=\"en_GB\" \/>\n<meta property=\"og:type\" content=\"article\" \/>\n<meta property=\"og:title\" content=\"33 Gr\u00fcnde f\u00fcr blueMEC - blueMEC\" \/>\n<meta property=\"og:description\" content=\"33 Gr\u00fcnde f\u00fcr blueMEC Sprechen Sie uns an &#8211; gemeinsam schaffen wir das!\" \/>\n<meta property=\"og:url\" content=\"https:\/\/bluemec.de\/en\/leistungen\/33-gruende-fuer-bluemec\/\" \/>\n<meta property=\"og:site_name\" content=\"blueMEC\" \/>\n<meta property=\"article:modified_time\" content=\"2025-05-28T05:10:51+00:00\" \/>\n<meta property=\"og:image\" content=\"https:\/\/bluemec.de\/wp-content\/uploads\/2024\/05\/pexels-tomfisk-1554646-scaled.jpg\" \/>\n\t<meta property=\"og:image:width\" content=\"2560\" \/>\n\t<meta property=\"og:image:height\" content=\"1437\" \/>\n\t<meta property=\"og:image:type\" content=\"image\/jpeg\" \/>\n<meta name=\"twitter:card\" content=\"summary_large_image\" \/>\n<meta name=\"twitter:label1\" content=\"Estimated reading time\" \/>\n\t<meta name=\"twitter:data1\" content=\"2 minutes\" \/>\n<script type=\"application\/ld+json\" class=\"yoast-schema-graph\">{\"@context\":\"https:\/\/schema.org\",\"@graph\":[{\"@type\":\"WebPage\",\"@id\":\"https:\/\/bluemec.de\/en\/leistungen\/33-gruende-fuer-bluemec\/\",\"url\":\"https:\/\/bluemec.de\/en\/leistungen\/33-gruende-fuer-bluemec\/\",\"name\":\"33 Gr\u00fcnde f\u00fcr blueMEC - blueMEC\",\"isPartOf\":{\"@id\":\"https:\/\/bluemec.de\/#website\"},\"primaryImageOfPage\":{\"@id\":\"https:\/\/bluemec.de\/en\/leistungen\/33-gruende-fuer-bluemec\/#primaryimage\"},\"image\":{\"@id\":\"https:\/\/bluemec.de\/en\/leistungen\/33-gruende-fuer-bluemec\/#primaryimage\"},\"thumbnailUrl\":\"https:\/\/bluemec.de\/wp-content\/uploads\/2024\/05\/pexels-tomfisk-1554646-scaled.jpg\",\"datePublished\":\"2025-05-27T20:04:09+00:00\",\"dateModified\":\"2025-05-28T05:10:51+00:00\",\"breadcrumb\":{\"@id\":\"https:\/\/bluemec.de\/en\/leistungen\/33-gruende-fuer-bluemec\/#breadcrumb\"},\"inLanguage\":\"en-GB\",\"potentialAction\":[{\"@type\":\"ReadAction\",\"target\":[\"https:\/\/bluemec.de\/en\/leistungen\/33-gruende-fuer-bluemec\/\"]}]},{\"@type\":\"ImageObject\",\"inLanguage\":\"en-GB\",\"@id\":\"https:\/\/bluemec.de\/en\/leistungen\/33-gruende-fuer-bluemec\/#primaryimage\",\"url\":\"https:\/\/bluemec.de\/wp-content\/uploads\/2024\/05\/pexels-tomfisk-1554646-scaled.jpg\",\"contentUrl\":\"https:\/\/bluemec.de\/wp-content\/uploads\/2024\/05\/pexels-tomfisk-1554646-scaled.jpg\",\"width\":2560,\"height\":1437},{\"@type\":\"BreadcrumbList\",\"@id\":\"https:\/\/bluemec.de\/en\/leistungen\/33-gruende-fuer-bluemec\/#breadcrumb\",\"itemListElement\":[{\"@type\":\"ListItem\",\"position\":1,\"name\":\"Startseite\",\"item\":\"https:\/\/bluemec.de\/\"},{\"@type\":\"ListItem\",\"position\":2,\"name\":\"33 Gr\u00fcnde f\u00fcr blueMEC\"}]},{\"@type\":\"WebSite\",\"@id\":\"https:\/\/bluemec.de\/#website\",\"url\":\"https:\/\/bluemec.de\/\",\"name\":\"blueMEC\",\"description\":\"We create customised solutions\",\"publisher\":{\"@id\":\"https:\/\/bluemec.de\/#organization\"},\"potentialAction\":[{\"@type\":\"SearchAction\",\"target\":{\"@type\":\"EntryPoint\",\"urlTemplate\":\"https:\/\/bluemec.de\/?s={search_term_string}\"},\"query-input\":{\"@type\":\"PropertyValueSpecification\",\"valueRequired\":true,\"valueName\":\"search_term_string\"}}],\"inLanguage\":\"en-GB\"},{\"@type\":\"Organization\",\"@id\":\"https:\/\/bluemec.de\/#organization\",\"name\":\"blueMEC\",\"url\":\"https:\/\/bluemec.de\/\",\"logo\":{\"@type\":\"ImageObject\",\"inLanguage\":\"en-GB\",\"@id\":\"https:\/\/bluemec.de\/#\/schema\/logo\/image\/\",\"url\":\"https:\/\/bluemec.de\/wp-content\/uploads\/2024\/03\/blueMEC_2022.svg\",\"contentUrl\":\"https:\/\/bluemec.de\/wp-content\/uploads\/2024\/03\/blueMEC_2022.svg\",\"caption\":\"blueMEC\"},\"image\":{\"@id\":\"https:\/\/bluemec.de\/#\/schema\/logo\/image\/\"}}]}<\/script>\n<!-- \/ Yoast SEO plugin. -->","yoast_head_json":{"title":"33 Gr\u00fcnde f\u00fcr blueMEC - blueMEC","robots":{"index":"index","follow":"follow","max-snippet":"max-snippet:-1","max-image-preview":"max-image-preview:large","max-video-preview":"max-video-preview:-1"},"canonical":"https:\/\/bluemec.de\/en\/leistungen\/33-gruende-fuer-bluemec\/","og_locale":"en_GB","og_type":"article","og_title":"33 Gr\u00fcnde f\u00fcr blueMEC - blueMEC","og_description":"33 Gr\u00fcnde f\u00fcr blueMEC Sprechen Sie uns an &#8211; gemeinsam schaffen wir das!","og_url":"https:\/\/bluemec.de\/en\/leistungen\/33-gruende-fuer-bluemec\/","og_site_name":"blueMEC","article_modified_time":"2025-05-28T05:10:51+00:00","og_image":[{"width":2560,"height":1437,"url":"https:\/\/bluemec.de\/wp-content\/uploads\/2024\/05\/pexels-tomfisk-1554646-scaled.jpg","type":"image\/jpeg"}],"twitter_card":"summary_large_image","twitter_misc":{"Estimated reading time":"2 minutes"},"schema":{"@context":"https:\/\/schema.org","@graph":[{"@type":"WebPage","@id":"https:\/\/bluemec.de\/en\/leistungen\/33-gruende-fuer-bluemec\/","url":"https:\/\/bluemec.de\/en\/leistungen\/33-gruende-fuer-bluemec\/","name":"33 Gr\u00fcnde f\u00fcr blueMEC - blueMEC","isPartOf":{"@id":"https:\/\/bluemec.de\/#website"},"primaryImageOfPage":{"@id":"https:\/\/bluemec.de\/en\/leistungen\/33-gruende-fuer-bluemec\/#primaryimage"},"image":{"@id":"https:\/\/bluemec.de\/en\/leistungen\/33-gruende-fuer-bluemec\/#primaryimage"},"thumbnailUrl":"https:\/\/bluemec.de\/wp-content\/uploads\/2024\/05\/pexels-tomfisk-1554646-scaled.jpg","datePublished":"2025-05-27T20:04:09+00:00","dateModified":"2025-05-28T05:10:51+00:00","breadcrumb":{"@id":"https:\/\/bluemec.de\/en\/leistungen\/33-gruende-fuer-bluemec\/#breadcrumb"},"inLanguage":"en-GB","potentialAction":[{"@type":"ReadAction","target":["https:\/\/bluemec.de\/en\/leistungen\/33-gruende-fuer-bluemec\/"]}]},{"@type":"ImageObject","inLanguage":"en-GB","@id":"https:\/\/bluemec.de\/en\/leistungen\/33-gruende-fuer-bluemec\/#primaryimage","url":"https:\/\/bluemec.de\/wp-content\/uploads\/2024\/05\/pexels-tomfisk-1554646-scaled.jpg","contentUrl":"https:\/\/bluemec.de\/wp-content\/uploads\/2024\/05\/pexels-tomfisk-1554646-scaled.jpg","width":2560,"height":1437},{"@type":"BreadcrumbList","@id":"https:\/\/bluemec.de\/en\/leistungen\/33-gruende-fuer-bluemec\/#breadcrumb","itemListElement":[{"@type":"ListItem","position":1,"name":"Startseite","item":"https:\/\/bluemec.de\/"},{"@type":"ListItem","position":2,"name":"33 Gr\u00fcnde f\u00fcr blueMEC"}]},{"@type":"WebSite","@id":"https:\/\/bluemec.de\/#website","url":"https:\/\/bluemec.de\/","name":"blueMEC","description":"We create customised solutions","publisher":{"@id":"https:\/\/bluemec.de\/#organization"},"potentialAction":[{"@type":"SearchAction","target":{"@type":"EntryPoint","urlTemplate":"https:\/\/bluemec.de\/?s={search_term_string}"},"query-input":{"@type":"PropertyValueSpecification","valueRequired":true,"valueName":"search_term_string"}}],"inLanguage":"en-GB"},{"@type":"Organization","@id":"https:\/\/bluemec.de\/#organization","name":"blueMEC","url":"https:\/\/bluemec.de\/","logo":{"@type":"ImageObject","inLanguage":"en-GB","@id":"https:\/\/bluemec.de\/#\/schema\/logo\/image\/","url":"https:\/\/bluemec.de\/wp-content\/uploads\/2024\/03\/blueMEC_2022.svg","contentUrl":"https:\/\/bluemec.de\/wp-content\/uploads\/2024\/03\/blueMEC_2022.svg","caption":"blueMEC"},"image":{"@id":"https:\/\/bluemec.de\/#\/schema\/logo\/image\/"}}]}},"_links":{"self":[{"href":"https:\/\/bluemec.de\/en\/wp-json\/wp\/v2\/pages\/992","targetHints":{"allow":["GET"]}}],"collection":[{"href":"https:\/\/bluemec.de\/en\/wp-json\/wp\/v2\/pages"}],"about":[{"href":"https:\/\/bluemec.de\/en\/wp-json\/wp\/v2\/types\/page"}],"author":[{"embeddable":true,"href":"https:\/\/bluemec.de\/en\/wp-json\/wp\/v2\/users\/1"}],"replies":[{"embeddable":true,"href":"https:\/\/bluemec.de\/en\/wp-json\/wp\/v2\/comments?post=992"}],"version-history":[{"count":5,"href":"https:\/\/bluemec.de\/en\/wp-json\/wp\/v2\/pages\/992\/revisions"}],"predecessor-version":[{"id":1034,"href":"https:\/\/bluemec.de\/en\/wp-json\/wp\/v2\/pages\/992\/revisions\/1034"}],"up":[{"embeddable":true,"href":"https:\/\/bluemec.de\/en\/wp-json\/wp\/v2\/pages\/799"}],"wp:featuredmedia":[{"embeddable":true,"href":"https:\/\/bluemec.de\/en\/wp-json\/wp\/v2\/media\/904"}],"wp:attachment":[{"href":"https:\/\/bluemec.de\/en\/wp-json\/wp\/v2\/media?parent=992"}],"curies":[{"name":"wp","href":"https:\/\/api.w.org\/{rel}","templated":true}]}}